
{"id":14,"date":"2019-11-14T09:03:14","date_gmt":"2019-11-14T09:03:14","guid":{"rendered":"http:\/\/pruebas.kikazaru360.com\/campercanary\/?page_id=14"},"modified":"2022-11-14T18:16:29","modified_gmt":"2022-11-14T18:16:29","slug":"camper-canary","status":"publish","type":"page","link":"https:\/\/www.canaryrentmoto.com\/","title":{"rendered":"Inicio"},"content":{"rendered":"<div  class=\"one withsmallpadding ppb_header \" style=\"text-align:left;padding:30px 0 30px 0;\" >\n<div class=\"standard_wrapper\">\n<div class=\"page_content_wrapper\">\n<div class=\"inner\">\n<div style=\"margin:auto;width:100%\">\n<h2 class=\"ppb_title\" style=\"\">Reserva ahora en Fuerteventura <\/h2>\n<div class=\"ppb_header_content\">\n<div class=\"row align-items-center justify-content-center\" style=\"color: #212529;\">\n<div class=\"section-title text-center mb-20\">\n<h3 style=\"color: #020c26;\">Nuestras motos<\/h3>\n<\/div>\n<\/div>\n<div class=\"row motosblock\" style=\"color: #212529;\">\n<div class=\"container-group\">\n<div class=\"divider\"><\/div>\n<\/div>\n<\/div>\n<\/div>\n<\/div>\n<\/div>\n<\/div>\n<\/div>\n<\/div>\n<div  class=\"one withsmallpadding ppb_header \" style=\"text-align:left;padding:30px 0 30px 0;\" >\n<div class=\"standard_wrapper\">\n<div class=\"page_content_wrapper\">\n<div class=\"inner\">\n<div style=\"margin:auto;width:100%\">\n<h2 class=\"ppb_title\" style=\"\">Reserva ahora en Fuerteventura <\/h2>\n<div class=\"ppb_header_content\">\n<div class=\"row align-items-center justify-content-center\" style=\"color: #212529;\">\n<div class=\"section-title text-center mb-20\">\n<h3 style=\"color: #020c26;\">Nuestras motos<\/h3>\n<\/div>\n<\/div>\n<div class=\"row motosblock\" style=\"color: #212529;\">\n<div class=\"container-group\">\n<div class=\"divider\"><\/div>\n<\/div>\n<\/div>\n<\/div>\n<\/div>\n<\/div>\n<\/div>\n<\/div>\n<\/div>\n<div  class=\"one withsmallpadding ppb_header \" style=\"text-align:left;padding:30px 0 30px 0;\" >\n<div class=\"standard_wrapper\">\n<div class=\"page_content_wrapper\">\n<div class=\"inner\">\n<div style=\"margin:auto;width:100%\">\n<h2 class=\"ppb_title\" style=\"\">Reserva ahora en Fuerteventura <\/h2>\n<div class=\"ppb_header_content\">\n<div class=\"row align-items-center justify-content-center\" style=\"color: #212529;\">\n<div class=\"section-title text-center mb-20\">\n<h3 style=\"color: #020c26;\">Nuestras motos<\/h3>\n<\/div>\n<\/div>\n<div class=\"row motosblock\" style=\"color: #212529;\">\n<div class=\"container-group\">\n<div class=\"divider\"><\/div>\n<\/div>\n<\/div>\n<\/div>\n<\/div>\n<\/div>\n<\/div>\n<\/div>\n<\/div>\n<div  class=\"one withsmallpadding ppb_header \" style=\"text-align:left;padding:30px 0 30px 0;\" >\n<div class=\"standard_wrapper\">\n<div class=\"page_content_wrapper\">\n<div class=\"inner\">\n<div style=\"margin:auto;width:100%\">\n<h2 class=\"ppb_title\" style=\"\">Experiencia \u00fanica en moto o scooter<\/h2>\n<\/div>\n<\/div>\n<\/div>\n<\/div>\n<\/div>\n<div  class=\"one withsmallpadding ppb_text\" style=\"text-align:left;padding:30px 0 30px 0;\" >\n<div class=\"standard_wrapper\">\n<div class=\"page_content_wrapper\">\n<div class=\"inner\">\n<div style=\"margin:auto;width:100%\">\n<div class=\"one_third \" style=\"\">\n<h2>Servicios<\/h2>\n<p>Recogida y entrega en Puerto del Rosario, Fuerteventura .<\/p>\n<\/div>\n<div class=\"one_third \" style=\"\">\n<h2>Ideas<\/h2>\n<p>Que el paisaje o el entorno que te rodea sea el que tu elijas\u2026<br \/>\nSi ya Canarias es un para\u00edso imag\u00ednate poder disfrutarla al m\u00e1ximo\u2026 \u00bfHas so\u00f1ado alguna vez no tener reglas?<\/p>\n<\/div>\n<div class=\"one_third last \" style=\"\">\n<h2>Libertad<\/h2>\n<p>Siente la libertada de elegir cu\u00e1ndo, con qui\u00e9n y sobretodo d\u00f3nde pasar\u00e1s tus vacaciones o pr\u00f3xima experiencia\u2026 tus vacaciones sobre ruedas. <\/p>\n<\/div>\n<p><br class=\"clear\"\/><\/p>\n<\/div>\n<\/div>\n<\/div>\n<\/div>\n<\/div>\n<div  class=\"one withsmallpadding ppb_text\" style=\"text-align:left;padding:30px 0 30px 0;\" >\n<div class=\"standard_wrapper\">\n<div class=\"page_content_wrapper\">\n<div class=\"inner\">\n<div style=\"margin:auto;width:100%\">\n<div class=\"one_third \" style=\"\">\n<h2>Actividades<\/h2>\n<p><span style=\"color: #575757;\">Para amantes del senderismo, del surf o deportes acu\u00e1ticos, o actividades en plena naturaleza la mejor forma de disfrutar al m\u00e1ximo tu tiempo es no tener distancia deja tu alojamiento vaya contigo all\u00ed donde t\u00fa desees. Alquiler de moto y scooter es la mejor combinaci\u00f3n, siente el aire fresco y la libertad, deja que la brisa del mar te haga sentir libre.<\/span><\/p>\n<\/div>\n<div class=\"one_third \" style=\"\">\n<h2>Mar o Monta\u00f1as..Ambas!<\/h2>\n<p>\u00bfTe gustar\u00eda disfrutar de las playas, dunas y de paisajes \u00fanicos con total libertad?<\/p>\n<p>Que el paisaje o el entorno que te rodea sea el que tu elijas\u2026<br \/>\nSi ya Canarias es un para\u00edso imag\u00ednate poder disfrutarla al m\u00e1ximo\u2026<\/p>\n<p>\u00bfHas so\u00f1ado alguna vez no tener reglas y sentirte libre?<\/p>\n<\/div>\n<div class=\"one_third last \" style=\"\">\n<h2>Clima<\/h2>\n<p>Si por algo es conocida Canarias a nivel internacional o fuera de nuestras fronteras es por su \u201cEterna Primavera\u201d pues si, aqu\u00ed podr\u00e1s disfrutar de una escapada o vacaciones al aire libre durante todo el a\u00f1o, y si el clima no te convence\u2026 no olvides que contamos con m\u00e1s de 16 microclimas, s\u00fabete a la furgo y busca el tiempo que m\u00e1s te guste<\/p>\n<\/div>\n<p><br class=\"clear\"\/><\/p>\n<\/div>\n<\/div>\n<\/div>\n<\/div>\n<\/div>\n<div  class=\"one withsmallpadding ppb_text\" style=\"text-align:left;padding:30px 0 30px 0;\" >\n<div class=\"standard_wrapper\">\n<div class=\"page_content_wrapper\">\n<div class=\"inner\">\n<div style=\"margin:auto;width:100%\">\n<div class=\"one_third \" style=\"\">\n<h2>Actividades<\/h2>\n<p><span style=\"color: #575757;\">Para amantes del senderismo, del surf o deportes acu\u00e1ticos, o actividades en plena naturaleza la mejor forma de disfrutar al m\u00e1ximo tu tiempo es no tener distancia deja tu alojamiento vaya contigo all\u00ed donde t\u00fa desees. Alquiler de moto y scooter es la mejor combinaci\u00f3n, siente el aire fresco y la libertad, deja que la brisa del mar te haga sentir libre.<\/span><\/p>\n<\/div>\n<div class=\"one_third \" style=\"\">\n<h2>Mar o Monta\u00f1as..Ambas!<\/h2>\n<p>\u00bfTe gustar\u00eda disfrutar de las playas, dunas y de paisajes \u00fanicos con total libertad?<\/p>\n<p>Que el paisaje o el entorno que te rodea sea el que tu elijas\u2026<br \/>\nSi ya Canarias es un para\u00edso imag\u00ednate poder disfrutarla al m\u00e1ximo\u2026<\/p>\n<p>\u00bfHas so\u00f1ado alguna vez no tener reglas y sentirte libre?<\/p>\n<\/div>\n<div class=\"one_third last \" style=\"\">\n<h2>Clima<\/h2>\n<p>Si por algo es conocida Canarias a nivel internacional o fuera de nuestras fronteras es por su \u201cEterna Primavera\u201d pues si, aqu\u00ed podr\u00e1s disfrutar de una escapada o vacaciones al aire libre durante todo el a\u00f1o, y si el clima no te convence\u2026 no olvides que contamos con m\u00e1s de 16 microclimas, s\u00fabete a la furgo y busca el tiempo que m\u00e1s te guste<\/p>\n<\/div>\n<p><br class=\"clear\"\/><\/p>\n<\/div>\n<\/div>\n<\/div>\n<\/div>\n<\/div>\n<div  class=\"one\" >\n<div class=\"standard_wrapper\">\n<div class=\"page_content_wrapper\">\n<div class=\"inner\">\n<div class=\"one_half content_middle textright\" style=\"padding:0px;\">\n<h2 class=\"ppb_title\" style=\"\">CANARY RENT MOTO<\/h2>\n<div class=\"ppb_header_content\">\n<p>\u00bfEst\u00e1s preparado o preparada para vivir una experiencia \u00fanica en un destino id\u00edlico?<\/p>\n<p>Canarias es uno de los pocos lugares de Europa con una casi eterna primavera y, es por ello que podr\u00e1s disfrutar de unas vacaciones con plena libertad, sin paredes, sobre ruedas, bajo las estrellas o a orillas del Oc\u00e9ano Atl\u00e1ntico. T\u00fa decides d\u00f3nde ir, lleva tu casa durante este periodo all\u00ed donde t\u00fa vayas, con las comodidades adaptadas a tus necesidades. Vive una experiencia n\u00f3mada, sin que nadie te diga donde despertar o vivir tu experiencia.<\/p>\n<p>\u00a0<\/p>\n<\/div>\n<\/div>\n<div class=\"one_half last\"><\/div>\n<p><br class=\"clear\"\/><\/div>\n<\/div>\n<\/div>\n<\/div>\n<div  class=\"one\" >\n<div class=\"standard_wrapper\">\n<div class=\"page_content_wrapper\">\n<div class=\"inner\">\n<div class=\"one_half content_middle textright\" style=\"padding:0px;\">\n<h2 class=\"ppb_title\" style=\"\">CANARY RENT MOTO<\/h2>\n<div class=\"ppb_header_content\">\n<p>\u00bfEst\u00e1s preparado o preparada para vivir una experiencia \u00fanica en un destino id\u00edlico?<\/p>\n<p>Canarias es uno de los pocos lugares de Europa con una casi eterna primavera y, es por ello que podr\u00e1s disfrutar de unas vacaciones con plena libertad, sin paredes, sobre ruedas, bajo las estrellas o a orillas del Oc\u00e9ano Atl\u00e1ntico. T\u00fa decides d\u00f3nde ir, lleva tu casa durante este periodo all\u00ed donde t\u00fa vayas, con las comodidades adaptadas a tus necesidades. Vive una experiencia n\u00f3mada, sin que nadie te diga donde despertar o vivir tu experiencia.<\/p>\n<p>\u00a0<\/p>\n<\/div>\n<\/div>\n<div class=\"one_half last\"><\/div>\n<p><br class=\"clear\"\/><\/div>\n<\/div>\n<\/div>\n<\/div>\n","protected":false},"excerpt":{"rendered":"<p>Reserva ahora en Fuerteventura Nuestras motos Reserva ahora en Fuerteventura Nuestras motos Reserva ahora en Fuerteventura Nuestras motos Experiencia \u00fanica en moto o scooter Servicios Recogida y entrega en Puerto del Rosario, Fuerteventura . Ideas Que el paisaje o el [&hellip;]<\/p>\n","protected":false},"author":1,"featured_media":1386,"parent":0,"menu_order":0,"comment_status":"closed","ping_status":"closed","template":"","meta":{"_acf_changed":false,"footnotes":""},"class_list":["post-14","page","type-page","status-publish","has-post-thumbnail","hentry"],"acf":[],"yoast_head":"<!-- This site is optimized with the Yoast SEO plugin v24.8.1 - https:\/\/yoast.com\/wordpress\/plugins\/seo\/ -->\n<title>Inicio - Canary Rent Moto- Alquiler de motos en Canarias<\/title>\n<meta name=\"description\" content=\"Homebound, Homebound Vintage Vans, Autovermietung, Busvermietung, Bullivermietung, Vermietung, mieten, Bus, Busse, Campingbus, Van, Campervan, Bulli, Bullis, Surfbus, Surf Bus, Wohnwagen, VW, Volkswagen, Camping, campen, Teneriffa, kanaren, Kanarische Inseln, Teneriffa, Fuerteventura, Lanzarote, la Gomera, Camper, Canary, Alquiler, caravana, Camper Canary, Vingage, Vans\" \/>\n<meta name=\"robots\" content=\"index, follow, max-snippet:-1, max-image-preview:large, max-video-preview:-1\" \/>\n<link rel=\"canonical\" href=\"https:\/\/www.canaryrentmoto.com\/\" \/>\n<meta property=\"og:locale\" content=\"es_ES\" \/>\n<meta property=\"og:type\" content=\"article\" \/>\n<meta property=\"og:title\" content=\"Inicio - Canary Rent Moto- Alquiler de motos en Canarias\" \/>\n<meta property=\"og:description\" content=\"Homebound, Homebound Vintage Vans, Autovermietung, Busvermietung, Bullivermietung, Vermietung, mieten, Bus, Busse, Campingbus, Van, Campervan, Bulli, Bullis, Surfbus, Surf Bus, Wohnwagen, VW, Volkswagen, Camping, campen, Teneriffa, kanaren, Kanarische Inseln, Teneriffa, Fuerteventura, Lanzarote, la Gomera, Camper, Canary, Alquiler, caravana, Camper Canary, Vingage, Vans\" \/>\n<meta property=\"og:url\" content=\"https:\/\/www.canaryrentmoto.com\/\" \/>\n<meta property=\"og:site_name\" content=\"Canary Rent Moto- Alquiler de motos en Canarias\" \/>\n<meta property=\"article:modified_time\" content=\"2022-11-14T18:16:29+00:00\" \/>\n<meta property=\"og:image\" content=\"https:\/\/www.canaryrentmoto.com\/wp-content\/uploads\/2022\/02\/CB0540E7-A39C-412B-A46D-A3532AF9C3DC-scaled.jpeg\" \/>\n\t<meta property=\"og:image:width\" content=\"1920\" \/>\n\t<meta property=\"og:image:height\" content=\"2560\" \/>\n\t<meta property=\"og:image:type\" content=\"image\/jpeg\" \/>\n<meta name=\"twitter:card\" content=\"summary_large_image\" \/>\n<meta name=\"twitter:label1\" content=\"Tiempo de lectura\" \/>\n\t<meta name=\"twitter:data1\" content=\"3 minutos\" \/>\n<script type=\"application\/ld+json\" class=\"yoast-schema-graph\">{\"@context\":\"https:\/\/schema.org\",\"@graph\":[{\"@type\":\"WebPage\",\"@id\":\"https:\/\/www.canaryrentmoto.com\/\",\"url\":\"https:\/\/www.canaryrentmoto.com\/\",\"name\":\"Inicio - Canary Rent Moto- Alquiler de motos en Canarias\",\"isPartOf\":{\"@id\":\"https:\/\/www.canaryrentmoto.com\/#website\"},\"primaryImageOfPage\":{\"@id\":\"https:\/\/www.canaryrentmoto.com\/#primaryimage\"},\"image\":{\"@id\":\"https:\/\/www.canaryrentmoto.com\/#primaryimage\"},\"thumbnailUrl\":\"https:\/\/www.canaryrentmoto.com\/wp-content\/uploads\/2022\/02\/CB0540E7-A39C-412B-A46D-A3532AF9C3DC-scaled.jpeg\",\"datePublished\":\"2019-11-14T09:03:14+00:00\",\"dateModified\":\"2022-11-14T18:16:29+00:00\",\"description\":\"Homebound, Homebound Vintage Vans, Autovermietung, Busvermietung, Bullivermietung, Vermietung, mieten, Bus, Busse, Campingbus, Van, Campervan, Bulli, Bullis, Surfbus, Surf Bus, Wohnwagen, VW, Volkswagen, Camping, campen, Teneriffa, kanaren, Kanarische Inseln, Teneriffa, Fuerteventura, Lanzarote, la Gomera, Camper, Canary, Alquiler, caravana, Camper Canary, Vingage, Vans\",\"breadcrumb\":{\"@id\":\"https:\/\/www.canaryrentmoto.com\/#breadcrumb\"},\"inLanguage\":\"es\",\"potentialAction\":[{\"@type\":\"ReadAction\",\"target\":[\"https:\/\/www.canaryrentmoto.com\/\"]}]},{\"@type\":\"ImageObject\",\"inLanguage\":\"es\",\"@id\":\"https:\/\/www.canaryrentmoto.com\/#primaryimage\",\"url\":\"https:\/\/www.canaryrentmoto.com\/wp-content\/uploads\/2022\/02\/CB0540E7-A39C-412B-A46D-A3532AF9C3DC-scaled.jpeg\",\"contentUrl\":\"https:\/\/www.canaryrentmoto.com\/wp-content\/uploads\/2022\/02\/CB0540E7-A39C-412B-A46D-A3532AF9C3DC-scaled.jpeg\",\"width\":1920,\"height\":2560},{\"@type\":\"BreadcrumbList\",\"@id\":\"https:\/\/www.canaryrentmoto.com\/#breadcrumb\",\"itemListElement\":[{\"@type\":\"ListItem\",\"position\":1,\"name\":\"Portada\",\"item\":\"https:\/\/www.canaryrentmoto.com\/\"},{\"@type\":\"ListItem\",\"position\":2,\"name\":\"Inicio\"}]},{\"@type\":\"WebSite\",\"@id\":\"https:\/\/www.canaryrentmoto.com\/#website\",\"url\":\"https:\/\/www.canaryrentmoto.com\/\",\"name\":\"Canary Rent Moto- Alquiler de motos en Canarias\",\"description\":\"Alquiler de motos en Fuerteventura, Canarias\",\"potentialAction\":[{\"@type\":\"SearchAction\",\"target\":{\"@type\":\"EntryPoint\",\"urlTemplate\":\"https:\/\/www.canaryrentmoto.com\/?s={search_term_string}\"},\"query-input\":{\"@type\":\"PropertyValueSpecification\",\"valueRequired\":true,\"valueName\":\"search_term_string\"}}],\"inLanguage\":\"es\"}]}<\/script>\n<!-- \/ Yoast SEO plugin. -->","yoast_head_json":{"title":"Inicio - Canary Rent Moto- Alquiler de motos en Canarias","description":"Homebound, Homebound Vintage Vans, Autovermietung, Busvermietung, Bullivermietung, Vermietung, mieten, Bus, Busse, Campingbus, Van, Campervan, Bulli, Bullis, Surfbus, Surf Bus, Wohnwagen, VW, Volkswagen, Camping, campen, Teneriffa, kanaren, Kanarische Inseln, Teneriffa, Fuerteventura, Lanzarote, la Gomera, Camper, Canary, Alquiler, caravana, Camper Canary, Vingage, Vans","robots":{"index":"index","follow":"follow","max-snippet":"max-snippet:-1","max-image-preview":"max-image-preview:large","max-video-preview":"max-video-preview:-1"},"canonical":"https:\/\/www.canaryrentmoto.com\/","og_locale":"es_ES","og_type":"article","og_title":"Inicio - Canary Rent Moto- Alquiler de motos en Canarias","og_description":"Homebound, Homebound Vintage Vans, Autovermietung, Busvermietung, Bullivermietung, Vermietung, mieten, Bus, Busse, Campingbus, Van, Campervan, Bulli, Bullis, Surfbus, Surf Bus, Wohnwagen, VW, Volkswagen, Camping, campen, Teneriffa, kanaren, Kanarische Inseln, Teneriffa, Fuerteventura, Lanzarote, la Gomera, Camper, Canary, Alquiler, caravana, Camper Canary, Vingage, Vans","og_url":"https:\/\/www.canaryrentmoto.com\/","og_site_name":"Canary Rent Moto- Alquiler de motos en Canarias","article_modified_time":"2022-11-14T18:16:29+00:00","og_image":[{"width":1920,"height":2560,"url":"https:\/\/www.canaryrentmoto.com\/wp-content\/uploads\/2022\/02\/CB0540E7-A39C-412B-A46D-A3532AF9C3DC-scaled.jpeg","type":"image\/jpeg"}],"twitter_card":"summary_large_image","twitter_misc":{"Tiempo de lectura":"3 minutos"},"schema":{"@context":"https:\/\/schema.org","@graph":[{"@type":"WebPage","@id":"https:\/\/www.canaryrentmoto.com\/","url":"https:\/\/www.canaryrentmoto.com\/","name":"Inicio - Canary Rent Moto- Alquiler de motos en Canarias","isPartOf":{"@id":"https:\/\/www.canaryrentmoto.com\/#website"},"primaryImageOfPage":{"@id":"https:\/\/www.canaryrentmoto.com\/#primaryimage"},"image":{"@id":"https:\/\/www.canaryrentmoto.com\/#primaryimage"},"thumbnailUrl":"https:\/\/www.canaryrentmoto.com\/wp-content\/uploads\/2022\/02\/CB0540E7-A39C-412B-A46D-A3532AF9C3DC-scaled.jpeg","datePublished":"2019-11-14T09:03:14+00:00","dateModified":"2022-11-14T18:16:29+00:00","description":"Homebound, Homebound Vintage Vans, Autovermietung, Busvermietung, Bullivermietung, Vermietung, mieten, Bus, Busse, Campingbus, Van, Campervan, Bulli, Bullis, Surfbus, Surf Bus, Wohnwagen, VW, Volkswagen, Camping, campen, Teneriffa, kanaren, Kanarische Inseln, Teneriffa, Fuerteventura, Lanzarote, la Gomera, Camper, Canary, Alquiler, caravana, Camper Canary, Vingage, Vans","breadcrumb":{"@id":"https:\/\/www.canaryrentmoto.com\/#breadcrumb"},"inLanguage":"es","potentialAction":[{"@type":"ReadAction","target":["https:\/\/www.canaryrentmoto.com\/"]}]},{"@type":"ImageObject","inLanguage":"es","@id":"https:\/\/www.canaryrentmoto.com\/#primaryimage","url":"https:\/\/www.canaryrentmoto.com\/wp-content\/uploads\/2022\/02\/CB0540E7-A39C-412B-A46D-A3532AF9C3DC-scaled.jpeg","contentUrl":"https:\/\/www.canaryrentmoto.com\/wp-content\/uploads\/2022\/02\/CB0540E7-A39C-412B-A46D-A3532AF9C3DC-scaled.jpeg","width":1920,"height":2560},{"@type":"BreadcrumbList","@id":"https:\/\/www.canaryrentmoto.com\/#breadcrumb","itemListElement":[{"@type":"ListItem","position":1,"name":"Portada","item":"https:\/\/www.canaryrentmoto.com\/"},{"@type":"ListItem","position":2,"name":"Inicio"}]},{"@type":"WebSite","@id":"https:\/\/www.canaryrentmoto.com\/#website","url":"https:\/\/www.canaryrentmoto.com\/","name":"Canary Rent Moto- Alquiler de motos en Canarias","description":"Alquiler de motos en Fuerteventura, Canarias","potentialAction":[{"@type":"SearchAction","target":{"@type":"EntryPoint","urlTemplate":"https:\/\/www.canaryrentmoto.com\/?s={search_term_string}"},"query-input":{"@type":"PropertyValueSpecification","valueRequired":true,"valueName":"search_term_string"}}],"inLanguage":"es"}]}},"_links":{"self":[{"href":"https:\/\/www.canaryrentmoto.com\/index.php?rest_route=\/wp\/v2\/pages\/14","targetHints":{"allow":["GET"]}}],"collection":[{"href":"https:\/\/www.canaryrentmoto.com\/index.php?rest_route=\/wp\/v2\/pages"}],"about":[{"href":"https:\/\/www.canaryrentmoto.com\/index.php?rest_route=\/wp\/v2\/types\/page"}],"author":[{"embeddable":true,"href":"https:\/\/www.canaryrentmoto.com\/index.php?rest_route=\/wp\/v2\/users\/1"}],"replies":[{"embeddable":true,"href":"https:\/\/www.canaryrentmoto.com\/index.php?rest_route=%2Fwp%2Fv2%2Fcomments&post=14"}],"version-history":[{"count":360,"href":"https:\/\/www.canaryrentmoto.com\/index.php?rest_route=\/wp\/v2\/pages\/14\/revisions"}],"predecessor-version":[{"id":1631,"href":"https:\/\/www.canaryrentmoto.com\/index.php?rest_route=\/wp\/v2\/pages\/14\/revisions\/1631"}],"wp:featuredmedia":[{"embeddable":true,"href":"https:\/\/www.canaryrentmoto.com\/index.php?rest_route=\/wp\/v2\/media\/1386"}],"wp:attachment":[{"href":"https:\/\/www.canaryrentmoto.com\/index.php?rest_route=%2Fwp%2Fv2%2Fmedia&parent=14"}],"curies":[{"name":"wp","href":"https:\/\/api.w.org\/{rel}","templated":true}]}}